{"id":1508,"date":"2015-01-13T09:58:36","date_gmt":"2015-01-13T09:58:36","guid":{"rendered":"http:\/\/www.thomas-griese-aachen.de\/?page_id=1508"},"modified":"2026-02-22T12:01:53","modified_gmt":"2026-02-22T12:01:53","slug":"staedteregion","status":"publish","type":"page","link":"https:\/\/www.thomas-griese-aachen.de\/?page_id=1508","title":{"rendered":"Die St\u00e4dteRegion"},"content":{"rendered":"<h1>\u00a0<\/h1>\n<div>Die St\u00e4dteRegion Aachen ist ein kommunaler Verband und besteht aus den St\u00e4dten Aachen, Alsdorf, Baesweiler, Eschweiler, Herzogenrath, Monschau, Stolberg und W\u00fcrselen sowie den Gemeinden Simmerath und Roetgen.<\/div>\n<div>\u00a0<\/div>\n<div>Sie ist Rechtsnachfolgerin des Kreises Aachen und hat zum 21. Oktober 2009 dessen Aufgaben, das Personal, Schulden und Verm\u00f6gen \u00fcbernommen.<\/div>\n<div>\u00a0<\/div>\n<div>Die regionsangeh\u00f6rige Stadt Aachen hat dabei Kompetenzen an die St\u00e4dteRegion abgegeben, aber die Rechtsstellung einer kreisfreien Stadt mit dem Oberb\u00fcrgermeisteramt und den Bezirksvertretungen behalten. <br \/>In der St\u00e4dteRegion Aachen leben rund 540.000 Menschen auf ca. 700 km\u00b2. Die Stadt Aachen ist mit etwa 236.000 Einwohnern weitaus gr\u00f6\u00dfte Kommune.<\/div>\n<div>\u00a0<\/div>\n<div>Seit Beginn des Fusionsprozesses begleite ich diesen aktiv und bin von 2009 bis 2025 Mitglied des St\u00e4dteregionstages f\u00fcr B\u00dcNDNIS 90\/DIE GR\u00dcNEN gewesen.<\/div>\n<div>\u00dcber die Arbeit der Gr\u00fcnen in der St\u00e4dteregion k\u00f6nnen Sie sich <a href=\"http:\/\/gruene-region-aachen.de\/kreisverband\/menschen\/fraktion-in-der-stadteregion\/\" target=\"_blank\" rel=\"noopener\">hier<\/a> informieren.<\/div>\n<div>\u00a0<\/div>\n<div>Weitere wichtige Links:<\/div>\n<div><a href=\"http:\/\/www.staedteregion-aachen.de\/wps\/portal\/internet\/home\/startseite\/!ut\/p\/c5\/04_SB8K8xLLM9MSSzPy8xBz9CP0os_gADxNHQ09_A0sLYzdHA08LC7cA70BTI2cTY_1wkA6cKkwMTCDyBjiAo4G-n0d-bqp-QXZ2mqOjoiIAUJ27kA!!\/dl3\/d3\/L2dBISEvZ0FBIS9nQSEh\/\" target=\"_blank\" rel=\"noopener\">St\u00e4dteregion Aachen<\/a><\/div>\n<div><a href=\"http:\/\/gruene-region-aachen.de\/kreisverband\/\" target=\"_blank\" rel=\"noopener\">GR\u00dcNE Kreisverband St\u00e4dteRegion Aachen<\/a><\/div>\n<div>\u00a0<\/div>\n<div>\u00a0<\/div>\n<div>\u00a0<\/div>\n<div>\u00a0<\/div>\n\n\n<p><\/p>\n","protected":false},"excerpt":{"rendered":"<p>\u00a0 Die St\u00e4dteRegion Aachen ist ein kommunaler Verband und besteht aus den St\u00e4dten Aachen, Alsdorf, Baesweiler, Eschweiler, Herzogenrath, Monschau, Stolberg und W\u00fcrselen sowie den Gemeinden Simmerath und Roetgen. \u00a0 Sie ist Rechtsnachfolgerin des Kreises Aachen und hat zum 21. Oktober 2009 dessen Aufgaben, das Personal, Schulden und Verm\u00f6gen \u00fcbernommen. \u00a0 Die regionsangeh\u00f6rige Stadt Aachen hat &#8230; <span class=\"more\"><a class=\"more-link\" href=\"https:\/\/www.thomas-griese-aachen.de\/?page_id=1508\">[Read more&#8230;]<\/a><\/span><\/p>\n","protected":false},"author":53,"featured_media":0,"parent":0,"menu_order":4,"comment_status":"closed","ping_status":"open","template":"","meta":{"footnotes":""},"class_list":["entry","page","publish","author-ingridkarst","post-1508"],"_links":{"self":[{"href":"https:\/\/www.thomas-griese-aachen.de\/index.php?rest_route=\/wp\/v2\/pages\/1508","targetHints":{"allow":["GET"]}}],"collection":[{"href":"https:\/\/www.thomas-griese-aachen.de\/index.php?rest_route=\/wp\/v2\/pages"}],"about":[{"href":"https:\/\/www.thomas-griese-aachen.de\/index.php?rest_route=\/wp\/v2\/types\/page"}],"author":[{"embeddable":true,"href":"https:\/\/www.thomas-griese-aachen.de\/index.php?rest_route=\/wp\/v2\/users\/53"}],"replies":[{"embeddable":true,"href":"https:\/\/www.thomas-griese-aachen.de\/index.php?rest_route=%2Fwp%2Fv2%2Fcomments&post=1508"}],"version-history":[{"count":4,"href":"https:\/\/www.thomas-griese-aachen.de\/index.php?rest_route=\/wp\/v2\/pages\/1508\/revisions"}],"predecessor-version":[{"id":2698,"href":"https:\/\/www.thomas-griese-aachen.de\/index.php?rest_route=\/wp\/v2\/pages\/1508\/revisions\/2698"}],"wp:attachment":[{"href":"https:\/\/www.thomas-griese-aachen.de\/index.php?rest_route=%2Fwp%2Fv2%2Fmedia&parent=1508"}],"curies":[{"name":"wp","href":"https:\/\/api.w.org\/{rel}","templated":true}]}}