{"id":145,"date":"2009-04-17T13:45:57","date_gmt":"2009-04-17T11:45:57","guid":{"rendered":"http:\/\/www.thomas-griese-aachen.de\/?page_id=145"},"modified":"2015-02-18T10:05:52","modified_gmt":"2015-02-18T10:05:52","slug":"bilder","status":"publish","type":"page","link":"https:\/\/www.thomas-griese-aachen.de\/?page_id=145","title":{"rendered":"Bildergalerie"},"content":{"rendered":"<p><a href=\"http:\/\/www.thomas-griese-aachen.de\/wp-content\/uploads\/2015\/02\/TKZ.Hermeskeil.jpg\"><img loading=\"lazy\" decoding=\"async\" src=\"http:\/\/www.thomas-griese-aachen.de\/wp-content\/uploads\/2015\/02\/TKZ.Hermeskeil.jpg\" alt=\"TKZ.Hermeskeil\" width=\"1076\" height=\"720\" class=\"aligncenter size-full wp-image-1628\" srcset=\"https:\/\/www.thomas-griese-aachen.de\/wp-content\/uploads\/2015\/02\/TKZ.Hermeskeil.jpg 1076w, https:\/\/www.thomas-griese-aachen.de\/wp-content\/uploads\/2015\/02\/TKZ.Hermeskeil-300x201.jpg 300w, https:\/\/www.thomas-griese-aachen.de\/wp-content\/uploads\/2015\/02\/TKZ.Hermeskeil-1024x685.jpg 1024w\" sizes=\"auto, (max-width: 1076px) 100vw, 1076px\" \/><\/a>Mit den gr\u00fcnen Landtagsabgeordneten Jutta Blatzheim- Roegler (stellv. Fraktionsvorsitzende) und Stephanie Nabinger<\/p>\n<p><a href=\"http:\/\/www.thomas-griese-aachen.de\/wp-content\/uploads\/2015\/02\/Weinlese_0912_1.jpg1_.jpg\"><img loading=\"lazy\" decoding=\"async\" src=\"http:\/\/www.thomas-griese-aachen.de\/wp-content\/uploads\/2015\/02\/Weinlese_0912_1.jpg1_.jpg\" alt=\"Weinlese_0912_1.jpg[1]\" width=\"220\" height=\"165\" class=\"aligncenter size-full wp-image-1630\" \/><\/a><\/a>Bei der Weinlese mit den gr\u00fcnen Ministerinnen Ulrike H\u00f6fken (Umwelt und Landwirtschaft) und Irene Alt (Integration, Kinder, Jugend und Familie<\/p>\n<p><a href=\"http:\/\/www.thomas-griese-aachen.de\/wp-content\/uploads\/2009\/04\/Griese_portrait.jpg\"><img loading=\"lazy\" decoding=\"async\" src=\"http:\/\/www.thomas-griese-aachen.de\/wp-content\/uploads\/2009\/04\/Griese_portrait-216x300.jpg\" alt=\"Griese_portrait\" width=\"216\" height=\"300\" class=\"aligncenter size-medium wp-image-1611\" srcset=\"https:\/\/www.thomas-griese-aachen.de\/wp-content\/uploads\/2009\/04\/Griese_portrait-216x300.jpg 216w, https:\/\/www.thomas-griese-aachen.de\/wp-content\/uploads\/2009\/04\/Griese_portrait-739x1024.jpg 739w, https:\/\/www.thomas-griese-aachen.de\/wp-content\/uploads\/2009\/04\/Griese_portrait.jpg 956w\" sizes=\"auto, (max-width: 216px) 100vw, 216px\" \/><\/a><br \/>\n<a href=\"http:\/\/www.thomas-griese-aachen.de\/wp-content\/uploads\/2009\/04\/Brander-Gr\u00fcne.jpg\"><img loading=\"lazy\" decoding=\"async\" src=\"http:\/\/www.thomas-griese-aachen.de\/wp-content\/uploads\/2009\/04\/Brander-Gr\u00fcne-300x201.jpg\" alt=\"SONY DSC\" width=\"300\" height=\"201\" class=\"aligncenter size-medium wp-image-1606\" srcset=\"https:\/\/www.thomas-griese-aachen.de\/wp-content\/uploads\/2009\/04\/Brander-Gr\u00fcne-300x201.jpg 300w, https:\/\/www.thomas-griese-aachen.de\/wp-content\/uploads\/2009\/04\/Brander-Gr\u00fcne.jpg 1024w\" sizes=\"auto, (max-width: 300px) 100vw, 300px\" \/><\/a> Die Gr\u00fcnen in Aachen-Brand 2014<\/p>\n<p style=\"text-align: center;\"><a href=\"http:\/\/www.thomas-griese-aachen.de\/wp-content\/uploads\/2009\/04\/tgriese_portrait2_inet1.jpg\"><img loading=\"lazy\" decoding=\"async\" class=\"size-medium wp-image-146  aligncenter\" title=\"tgriese_portrait2_inet1\" src=\"http:\/\/www.thomas-griese-aachen.de\/wp-content\/uploads\/2009\/04\/tgriese_portrait2_inet1-217x300.jpg\" alt=\"\" width=\"217\" height=\"300\" srcset=\"https:\/\/www.thomas-griese-aachen.de\/wp-content\/uploads\/2009\/04\/tgriese_portrait2_inet1-217x300.jpg 217w, https:\/\/www.thomas-griese-aachen.de\/wp-content\/uploads\/2009\/04\/tgriese_portrait2_inet1.jpg 369w\" sizes=\"auto, (max-width: 217px) 100vw, 217px\" \/><\/a><\/p>\n<p style=\"text-align: center;\"><a href=\"http:\/\/www.thomas-griese-aachen.de\/wp-content\/uploads\/2009\/05\/hpim4261.jpg\"><img loading=\"lazy\" decoding=\"async\" class=\"size-medium wp-image-204  aligncenter\" title=\"hpim4261\" src=\"http:\/\/www.thomas-griese-aachen.de\/wp-content\/uploads\/2009\/05\/hpim4261-300x225.jpg\" alt=\"\" width=\"300\" height=\"225\" srcset=\"https:\/\/www.thomas-griese-aachen.de\/wp-content\/uploads\/2009\/05\/hpim4261-300x225.jpg 300w, https:\/\/www.thomas-griese-aachen.de\/wp-content\/uploads\/2009\/05\/hpim4261.jpg 638w\" sizes=\"auto, (max-width: 300px) 100vw, 300px\" \/><\/a><\/p>\n<p style=\"text-align: center;\"><strong>Veranstaltung &#8222;Vennbahn mit Zukunft&#8220; &#8211; 24.4.2009 Bahnhof Brand<\/strong><\/p>\n<p style=\"text-align: center;\"><a href=\"http:\/\/www.thomas-griese-aachen.de\/wp-content\/uploads\/2009\/05\/hpim4151.jpg\"><img loading=\"lazy\" decoding=\"async\" class=\"size-medium wp-image-203  aligncenter\" title=\"hpim4151\" src=\"http:\/\/www.thomas-griese-aachen.de\/wp-content\/uploads\/2009\/05\/hpim4151-300x225.jpg\" alt=\"\" width=\"300\" height=\"225\" srcset=\"https:\/\/www.thomas-griese-aachen.de\/wp-content\/uploads\/2009\/05\/hpim4151-300x225.jpg 300w, https:\/\/www.thomas-griese-aachen.de\/wp-content\/uploads\/2009\/05\/hpim4151.jpg 797w\" sizes=\"auto, (max-width: 300px) 100vw, 300px\" \/><\/a><\/p>\n<p style=\"text-align: center;\"><img loading=\"lazy\" decoding=\"async\" class=\"alignnone size-medium wp-image-208\" title=\"hpim42881\" src=\"http:\/\/www.thomas-griese-aachen.de\/wp-content\/uploads\/2009\/05\/hpim42881-300x225.jpg\" alt=\"\" width=\"300\" height=\"225\" srcset=\"https:\/\/www.thomas-griese-aachen.de\/wp-content\/uploads\/2009\/05\/hpim42881-300x225.jpg 300w, https:\/\/www.thomas-griese-aachen.de\/wp-content\/uploads\/2009\/05\/hpim42881.jpg 638w\" sizes=\"auto, (max-width: 300px) 100vw, 300px\" \/><\/p>\n<p style=\"text-align: center;\"><strong>Eifelsteig-Wanderung des gr\u00fcnen Ortsverbandes Monschau am 1.5.2009<\/strong><\/p>\n<p style=\"text-align: center;\"><a href=\"http:\/\/www.thomas-griese-aachen.de\/wp-content\/uploads\/2009\/05\/thomas.jpg\"><img loading=\"lazy\" decoding=\"async\" class=\"alignnone size-medium wp-image-227\" title=\"thomas\" src=\"http:\/\/www.thomas-griese-aachen.de\/wp-content\/uploads\/2009\/05\/thomas-200x300.jpg\" alt=\"\" width=\"200\" height=\"300\" srcset=\"https:\/\/www.thomas-griese-aachen.de\/wp-content\/uploads\/2009\/05\/thomas-200x300.jpg 200w, https:\/\/www.thomas-griese-aachen.de\/wp-content\/uploads\/2009\/05\/thomas.jpg 683w\" sizes=\"auto, (max-width: 200px) 100vw, 200px\" \/><\/a><\/p>\n<p style=\"text-align: center;\"><a href=\"http:\/\/www.thomas-griese-aachen.de\/wp-content\/uploads\/2009\/05\/p1030797.jpg\"><img loading=\"lazy\" decoding=\"async\" class=\"aligncenter size-medium wp-image-228\" title=\"p1030797\" src=\"http:\/\/www.thomas-griese-aachen.de\/wp-content\/uploads\/2009\/05\/p1030797-300x199.jpg\" alt=\"\" width=\"300\" height=\"199\" srcset=\"https:\/\/www.thomas-griese-aachen.de\/wp-content\/uploads\/2009\/05\/p1030797-300x199.jpg 300w, https:\/\/www.thomas-griese-aachen.de\/wp-content\/uploads\/2009\/05\/p1030797.jpg 800w\" sizes=\"auto, (max-width: 300px) 100vw, 300px\" \/><\/a><\/p>\n<p style=\"text-align: center;\"><a href=\"http:\/\/www.thomas-griese-aachen.de\/wp-content\/uploads\/2009\/08\/thomas-und-bettina1.jpg\"><img loading=\"lazy\" decoding=\"async\" class=\"alignnone size-full wp-image-450\" title=\"thomas-und-bettina1\" src=\"http:\/\/www.thomas-griese-aachen.de\/wp-content\/uploads\/2009\/08\/thomas-und-bettina1.jpg\" alt=\"\" width=\"500\" height=\"332\" srcset=\"https:\/\/www.thomas-griese-aachen.de\/wp-content\/uploads\/2009\/08\/thomas-und-bettina1.jpg 600w, https:\/\/www.thomas-griese-aachen.de\/wp-content\/uploads\/2009\/08\/thomas-und-bettina1-300x199.jpg 300w\" sizes=\"auto, (max-width: 500px) 100vw, 500px\" \/><\/a><\/p>\n<p style=\"text-align: center;\"><strong>Mit unserer gr\u00fcnen Bundestagsabgeordneten Bettina Herlitzius auf der Anti-Nazi -Demonstration in Stolberg am 8.8.2009<\/strong><\/p>\n<p style=\"text-align: center;\"><a href=\"http:\/\/www.thomas-griese-aachen.de\/wp-content\/uploads\/2009\/08\/bild-hilde1.jpg\"><img loading=\"lazy\" decoding=\"async\" class=\"aligncenter size-full wp-image-454\" title=\"bild-hilde1\" src=\"http:\/\/www.thomas-griese-aachen.de\/wp-content\/uploads\/2009\/08\/bild-hilde1.jpg\" alt=\"\" width=\"319\" height=\"240\" srcset=\"https:\/\/www.thomas-griese-aachen.de\/wp-content\/uploads\/2009\/08\/bild-hilde1.jpg 319w, https:\/\/www.thomas-griese-aachen.de\/wp-content\/uploads\/2009\/08\/bild-hilde1-300x225.jpg 300w\" sizes=\"auto, (max-width: 319px) 100vw, 319px\" \/><\/a><strong>Mit Hilde Scheidt, unserer gr\u00fcnen OB-Kandidatin f\u00fcr die Stadt Aachen im Wahlkampf<\/strong><\/p>\n<p style=\"text-align: center;\"><img loading=\"lazy\" decoding=\"async\" class=\"aligncenter size-medium wp-image-163\" title=\"portrait2\" src=\"http:\/\/www.thomas-griese-aachen.de\/wp-content\/uploads\/2009\/04\/portrait2-218x300.jpg\" alt=\"\" width=\"218\" height=\"300\" srcset=\"https:\/\/www.thomas-griese-aachen.de\/wp-content\/uploads\/2009\/04\/portrait2-218x300.jpg 218w, https:\/\/www.thomas-griese-aachen.de\/wp-content\/uploads\/2009\/04\/portrait2.jpg 422w\" sizes=\"auto, (max-width: 218px) 100vw, 218px\" \/><\/p>\n","protected":false},"excerpt":{"rendered":"<p>Mit den gr\u00fcnen Landtagsabgeordneten Jutta Blatzheim- Roegler (stellv. Fraktionsvorsitzende) und Stephanie Nabinger Bei der Weinlese mit den gr\u00fcnen Ministerinnen Ulrike H\u00f6fken (Umwelt und Landwirtschaft) und Irene Alt (Integration, Kinder, Jugend und Familie Die Gr\u00fcnen in Aachen-Brand 2014 Veranstaltung &#8222;Vennbahn mit Zukunft&#8220; &#8211; 24.4.2009 Bahnhof Brand Eifelsteig-Wanderung des gr\u00fcnen Ortsverbandes Monschau am 1.5.2009 Mit unserer gr\u00fcnen &#8230; <span class=\"more\"><a class=\"more-link\" href=\"https:\/\/www.thomas-griese-aachen.de\/?page_id=145\">[Read more&#8230;]<\/a><\/span><\/p>\n","protected":false},"author":3,"featured_media":0,"parent":0,"menu_order":3,"comment_status":"closed","ping_status":"open","template":"","meta":{"footnotes":""},"class_list":["entry","page","publish","author-thomasgriese","post-145"],"_links":{"self":[{"href":"https:\/\/www.thomas-griese-aachen.de\/index.php?rest_route=\/wp\/v2\/pages\/145","targetHints":{"allow":["GET"]}}],"collection":[{"href":"https:\/\/www.thomas-griese-aachen.de\/index.php?rest_route=\/wp\/v2\/pages"}],"about":[{"href":"https:\/\/www.thomas-griese-aachen.de\/index.php?rest_route=\/wp\/v2\/types\/page"}],"author":[{"embeddable":true,"href":"https:\/\/www.thomas-griese-aachen.de\/index.php?rest_route=\/wp\/v2\/users\/3"}],"replies":[{"embeddable":true,"href":"https:\/\/www.thomas-griese-aachen.de\/index.php?rest_route=%2Fwp%2Fv2%2Fcomments&post=145"}],"version-history":[{"count":8,"href":"https:\/\/www.thomas-griese-aachen.de\/index.php?rest_route=\/wp\/v2\/pages\/145\/revisions"}],"predecessor-version":[{"id":1639,"href":"https:\/\/www.thomas-griese-aachen.de\/index.php?rest_route=\/wp\/v2\/pages\/145\/revisions\/1639"}],"wp:attachment":[{"href":"https:\/\/www.thomas-griese-aachen.de\/index.php?rest_route=%2Fwp%2Fv2%2Fmedia&parent=145"}],"curies":[{"name":"wp","href":"https:\/\/api.w.org\/{rel}","templated":true}]}}