{"id":13,"date":"2008-11-18T17:27:43","date_gmt":"2008-11-18T15:27:43","guid":{"rendered":"http:\/\/www.thomas-griese-aachen.de\/?page_id=13"},"modified":"2026-03-09T09:44:31","modified_gmt":"2026-03-09T09:44:31","slug":"personliches","status":"publish","type":"page","link":"https:\/\/www.thomas-griese-aachen.de\/?page_id=13","title":{"rendered":"Pers\u00f6nliches"},"content":{"rendered":"\n<p><strong>Pers\u00f6nliches<\/strong><br>Dr. Thomas Griese, geboren 1956,<\/p>\n\n\n\n<ul class=\"wp-block-list\">\n<li>aufgewachsen auf dem elterlichen Bauernhof in Westfalen (Herringser H\u00f6fe\/Kreis Soest)<\/li>\n\n\n\n<li>verheiratet mit Anne Prolingheuer-Griese, zwei erwachsene Kinder<\/li>\n\n\n\n<li>wohnhaft in Aachen-Brand seit 1986.<\/li>\n<\/ul>\n\n\n\n<p><strong>Berufliches<\/strong><\/p>\n\n\n\n<ul class=\"wp-block-list\">\n<li>\n<ul class=\"wp-block-list\">\n<li>Abitur 1975<\/li>\n\n\n\n<li>Zivildienst als Rettungssanit\u00e4ter<\/li>\n\n\n\n<li>Jurastudium in Gie\u00dfen und G\u00f6ttingen<\/li>\n\n\n\n<li>Erstes juristisches Staatsexamen 1981 mit Pr\u00e4dikat, Zweites juristisches Staatsexamen 1984 mit Pr\u00e4dikat<\/li>\n\n\n\n<li>1981 bis 1984 Wissenschaftlicher Mitarbeiter und 1984 &#8211; 1986 Wissenschaftlicher Assistent am Institut f\u00fcr Arbeitsrecht der Universit\u00e4t G\u00f6ttingen bei Herrn Prof. Dr. Hansj\u00f6rg Otto<\/li>\n\n\n\n<li>1986 Promotion zum Thema Datenschutz im Arbeitsrecht<\/li>\n\n\n\n<li>ab 1986 Richter am Arbeitsgericht Aachen, ab Herbst 1986 zus\u00e4tzlich Lehrbeauftragter an der Fachhochschule Aachen, Fachbereich Wirtschaft, ab 1991 zus\u00e4tzlich Mitglied des Justizpr\u00fcfungsamtes<\/li>\n\n\n\n<li>von 1995 bis 2005 Staatssekret\u00e4r im Umwelt-, Landwirtschafts- und Verbraucherschutzministerium des Landes NRW<\/li>\n\n\n\n<li>seit 2006 bis 2011 wieder als Richter t\u00e4tig, Vorsitzender Richter am Landesarbeitsgericht K\u00f6ln,\u00a0zus\u00e4tzlich bis 2011 stellvertretendes Mitglied des Verfassungsgerichtshofes NRW in M\u00fcnster<\/li>\n\n\n\n<li>Wissenschaftliche Ver\u00f6ffentlichungen im Arbeitsrecht, insbesondere Mitautor im j\u00e4hrlich erscheinenden arbeitsrechtlichen Standardwerk &#8222;Personalbuch &#8211; Arbeitsrecht, Steuerrecht, Sozialversicherungsrecht&#8220; und Mitautor im&#8220; juris PraxisKommentar Sozialgesetzbuch IX &#8211; Rehabilitation und Teilhabe behinderter Menschen&#8220;<\/li>\n\n\n\n<li>Mai 2011 bis Mai 2016 Staatssekret\u00e4r im Ministerium f\u00fcr Umwelt, Landwirtschaft, Ern\u00e4hrung, Weinbau und Forsten des Landes Rheinland-Pfalz<\/li>\n\n\n\n<li><span style=\"font-size: inherit;\">Mai 2016 bis 31.12.2020 Staatssekret\u00e4r im Ministerium f\u00fcr Umwelt, Energie, Ern\u00e4hrung und Forsten des Landes Rheinland-Pfalz<\/span><\/li>\n<\/ul>\n<\/li>\n<\/ul>\n\n\n\n<p><strong>Kommunalpolitisches Engagement<\/strong><\/p>\n\n\n\n<ul class=\"wp-block-list\">\n<li>Quereinstieg in die Politik, seit 1997 Mitglied von B\u00dcNDNIS 90\/DIE GR\u00dcNEN<\/li>\n\n\n\n<li>Vorsitzender des Kreisverbandes Aachen von B\u00dcNDNIS 90\/DIE GR\u00dcNEN 2009 bis 2011<\/li>\n\n\n\n<li>2009 &#8211; 2021 Mitglied des St\u00e4dteRegionstages Aachen, wiedergew\u00e4hlt in den Kommunalwahlen 2014 und 2020<\/li>\n\n\n\n<li>seit 2009 Mitglied der Fraktion von B\u00dcNDNIS 90\/DIE GR\u00dcNEN im St\u00e4dteRegionstag Aachen<\/li>\n\n\n\n<li>stellvertretender St\u00e4dteregionsrat 2009 -2011<\/li>\n\n\n\n<li>2020 &#8211; 2025 Vorsitzender des \u00a0Umweltausschusses der St\u00e4dteRegion<\/li>\n\n\n\n<li>2009 &#8211; 2025 Mitglied in der Verbandsversammlung des kommunalen Zweckverbandes Entsorgungsregion West (ZEW) und im Aufsichtsrat der Abfallwirtschaft Aachen (AWA GmbH)<\/li>\n\n\n\n<li>Seit 2020 Mitglied im Aufsichtsrat der M\u00fcllverbrennungsanlage Weisweiler (MVA)<\/li>\n\n\n\n<li>2021 &#8211; 2025 Mitglied im Aufsichtsrat des kommunalen Energieversorgers STAWAG<\/li>\n<\/ul>\n\n\n\n<p><strong>Ehrenamtliche Aktivit\u00e4ten und Mitgliedschaften<\/strong><\/p>\n\n\n\n<ul class=\"wp-block-list\">\n<li>Aufsichtsratsmitglied der WABe e.V.<\/li>\n\n\n\n<li>Berufenes Mitglied der Kreissynode des Evangelischen Kirchenkreises Aachen bis 2012<\/li>\n\n\n\n<li>Mitglied im BUND<\/li>\n\n\n\n<li>Mitglied im Solarenergief\u00f6rderverein Deutschland (sfv)<\/li>\n\n\n\n<li>Mitglied im Verein zur F\u00f6rderung der Agenda21 Partnerschaft Aachen-Kapstadt e.V.<\/li>\n\n\n\n<li>Pr\u00e4sidiumsmitglied der Europ\u00e4ischen Naturschutzstiftung EuroNatur 2007 &#8211; 2024<\/li>\n\n\n\n<li>Mitglied im B\u00fcrgerverein Brand<\/li>\n\n\n\n<li>von 2016 bis 2020 Vorsitzender des Aufsichtsrates der Energieagentur Rheinland-Pfalz<\/li>\n\n\n\n<li>seit 2021 Mitglied im gesch\u00e4ftsf\u00fchrenden Vorstand des Landesverbandes Erneuerbare Energien NRW<\/li>\n<\/ul>\n\n\n\n<p><\/p>\n\n\n\n<p><\/p>\n\n\n\n<p><\/p>\n","protected":false},"excerpt":{"rendered":"<p>Pers\u00f6nlichesDr. Thomas Griese, geboren 1956, Berufliches Kommunalpolitisches Engagement Ehrenamtliche Aktivit\u00e4ten und Mitgliedschaften<\/p>\n","protected":false},"author":3,"featured_media":0,"parent":0,"menu_order":2,"comment_status":"closed","ping_status":"open","template":"","meta":{"footnotes":""},"class_list":["entry","page","publish","author-thomasgriese","post-13"],"_links":{"self":[{"href":"https:\/\/www.thomas-griese-aachen.de\/index.php?rest_route=\/wp\/v2\/pages\/13","targetHints":{"allow":["GET"]}}],"collection":[{"href":"https:\/\/www.thomas-griese-aachen.de\/index.php?rest_route=\/wp\/v2\/pages"}],"about":[{"href":"https:\/\/www.thomas-griese-aachen.de\/index.php?rest_route=\/wp\/v2\/types\/page"}],"author":[{"embeddable":true,"href":"https:\/\/www.thomas-griese-aachen.de\/index.php?rest_route=\/wp\/v2\/users\/3"}],"replies":[{"embeddable":true,"href":"https:\/\/www.thomas-griese-aachen.de\/index.php?rest_route=%2Fwp%2Fv2%2Fcomments&post=13"}],"version-history":[{"count":15,"href":"https:\/\/www.thomas-griese-aachen.de\/index.php?rest_route=\/wp\/v2\/pages\/13\/revisions"}],"predecessor-version":[{"id":2703,"href":"https:\/\/www.thomas-griese-aachen.de\/index.php?rest_route=\/wp\/v2\/pages\/13\/revisions\/2703"}],"wp:attachment":[{"href":"https:\/\/www.thomas-griese-aachen.de\/index.php?rest_route=%2Fwp%2Fv2%2Fmedia&parent=13"}],"curies":[{"name":"wp","href":"https:\/\/api.w.org\/{rel}","templated":true}]}}